{"id":1157,"date":"2012-01-16T08:40:54","date_gmt":"2012-01-16T08:40:54","guid":{"rendered":"https:\/\/cidadania.coop\/es\/servizos\/"},"modified":"2017-03-23T10:14:56","modified_gmt":"2017-03-23T10:14:56","slug":"servizos","status":"publish","type":"page","link":"https:\/\/cidadania.coop\/es\/servizos\/","title":{"rendered":"Qu\u00e9 hacemos"},"content":{"rendered":"<div class=\"flex_column av_three_fifth  flex_column_div av-zero-column-padding first  avia-builder-el-0  el_before_av_hr  avia-builder-el-first  info_paxina \" style='border-radius:0px; '><section class=\"av_textblock_section \"  itemscope=\"itemscope\" itemtype=\"https:\/\/schema.org\/CreativeWork\" ><div class='avia_textblock  '  style='font-size:24px; '  itemprop=\"text\" ><p>Algunos de los servicios que ofrecemos tienen que ver con la investigaci\u00f3n social aplicada, la consultor\u00eda p\u00fablica, la innovaci\u00f3n democr\u00e1tica, la formaci\u00f3n y la dinamizaci\u00f3n sociocultural, el desarrollo local, la implantaci\u00f3n de sistemas innovadores de gesti\u00f3n organizativa, la promoci\u00f3n de la participaci\u00f3n ciudadana y el fortalecimiento del tejido asociativo, as\u00ed como todas aquellas aplicaciones de las ciencias sociales que redunden en la mejora de la calidad de vida del conjunto de la sociedad.<\/p>\n<\/div><\/section><\/div>\n<div  style='height:20px' class='hr hr-invisible   avia-builder-el-2  el_after_av_three_fifth  el_before_av_one_fourth '><span class='hr-inner ' ><span class='hr-inner-style'><\/span><\/span><\/div>\n<div class=\"flex_column av_one_fourth  flex_column_div av-zero-column-padding first  avia-builder-el-3  el_after_av_hr  el_before_av_one_fourth  \" style='border-radius:0px; '><section class=\"av_textblock_section \"  itemscope=\"itemscope\" itemtype=\"https:\/\/schema.org\/CreativeWork\" ><div class='avia_textblock pequeno '   itemprop=\"text\" ><p>Somos un equipo multidisciplinar de profesionales del \u00e1mbito de las ciencias sociales que apuesta por la democracia participativa buscando la articulaci\u00f3n entra la investigaci\u00f3n, la planificaci\u00f3n p\u00fablica, la generaci\u00f3n de capital social y la innovaci\u00f3n desde los principios cooperativos.<\/p>\n<p>Nuestras acciones preferentes vienen desarroll\u00e1ndose en la dimensi\u00f3n comunitaria y p\u00fablica de la realidad social.<\/p>\n<\/div><\/section><\/div><div class=\"flex_column av_one_fourth  flex_column_div av-zero-column-padding   avia-builder-el-5  el_after_av_one_fourth  el_before_av_one_fourth  \" style='border-radius:0px; '><section class=\"av_textblock_section \"  itemscope=\"itemscope\" itemtype=\"https:\/\/schema.org\/CreativeWork\" ><div class='avia_textblock pequeno '   itemprop=\"text\" ><p>Trabajamos en el dise\u00f1o y desarrollo de iniciativas de econom\u00eda social para la administraci\u00f3n p\u00fablica, con ONGs y con el sector asociativo y vecinal.<\/p>\n<p>Una de nuestras l\u00edneas de trabajo es la de facilitar y habilitar la comunicaci\u00f3n entre el tejido asociativo, el nivel t\u00e9cnico y el nivel pol\u00edtico.<\/p>\n<\/div><\/section><\/div><div class=\"flex_column av_one_fourth  flex_column_div av-zero-column-padding   avia-builder-el-7  el_after_av_one_fourth  el_before_av_one_fourth  \" style='border-radius:0px; '><section class=\"av_textblock_section \"  itemscope=\"itemscope\" itemtype=\"https:\/\/schema.org\/CreativeWork\" ><div class='avia_textblock pequeno '   itemprop=\"text\" ><p>Aspiramos a que el fruto de nuestro trabajo, m\u00e1s all\u00e1 del \u00e9xito de una iniciativa o proyecto concreto, revierta de forma positiva y en un sentido amplio en los colectivos y en el territorio, maximizando la utilidad social de nuestras investigaciones e intervenciones.<\/p>\n<\/div><\/section><\/div><div class=\"flex_column av_one_fourth  flex_column_div av-zero-column-padding   avia-builder-el-9  el_after_av_one_fourth  el_before_av_section  avia-builder-el-last  \" style='border-radius:0px; '><div  class='avia-builder-widget-area clearfix  avia-builder-el-10  avia-builder-el-no-sibling '><section id=\"nav_menu-3\" class=\"widget clearfix widget_nav_menu\"><h3 class=\"widgettitle\">Cidadan\u00eda<\/h3><div class=\"menu-menu-cidadania-es-container\"><ul id=\"menu-menu-cidadania-es\" class=\"menu\"><li id=\"menu-item-1194\" class=\"menu-item menu-item-type-post_type menu-item-object-page menu-item-has-children menu-item-1194\"><a href=\"https:\/\/cidadania.coop\/es\/servizos\/\">Qu\u00e9 hacemos<\/a>\n<ul class=\"sub-menu\">\n\t<li id=\"menu-item-1197\" class=\"menu-item menu-item-type-post_type menu-item-object-page menu-item-1197\"><a href=\"https:\/\/cidadania.coop\/es\/investigacion-social\/\">Investigaci\u00f3n<\/a><\/li>\n\t<li id=\"menu-item-1196\" class=\"menu-item menu-item-type-post_type menu-item-object-page menu-item-1196\"><a href=\"https:\/\/cidadania.coop\/es\/consultoria\/\">Consultor\u00eda<\/a><\/li>\n\t<li id=\"menu-item-1195\" class=\"menu-item menu-item-type-post_type menu-item-object-page menu-item-1195\"><a href=\"https:\/\/cidadania.coop\/es\/formacion\/\">Formaci\u00f3n<\/a><\/li>\n<\/ul>\n<\/li>\n<li id=\"menu-item-1201\" class=\"menu-item menu-item-type-post_type menu-item-object-page menu-item-1201\"><a href=\"https:\/\/cidadania.coop\/es\/equipo\/\">Qui\u00e9nes somos<\/a><\/li>\n<li id=\"menu-item-1202\" class=\"menu-item menu-item-type-post_type menu-item-object-page menu-item-1202\"><a href=\"https:\/\/cidadania.coop\/es\/valores\/\">Valores<\/a><\/li>\n<li id=\"menu-item-1200\" class=\"menu-item menu-item-type-post_type menu-item-object-page menu-item-1200\"><a href=\"https:\/\/cidadania.coop\/es\/os-nosos-clientes\/\">Clientes<\/a><\/li>\n<li id=\"menu-item-1199\" class=\"menu-item menu-item-type-post_type menu-item-object-page menu-item-1199\"><a href=\"https:\/\/cidadania.coop\/es\/redes\/\">Redes<\/a><\/li>\n<\/ul><\/div><span class=\"seperator extralight-border\"><\/span><\/section><\/div><\/div><\/p>\n<\/div><\/div><\/div><!-- close content main div --><\/div><\/div><div id='que_facemos_paxina'  class='avia-section main_color avia-section-default avia-no-shadow  avia-bg-style-scroll  avia-builder-el-11  el_after_av_one_fourth  el_before_av_hr  que_facemos  container_wrap sidebar_right' style=' '  ><div class='container' ><div class='template-page content  av-content-small alpha units'><div class='post-entry post-entry-type-page post-entry-1157'><div class='entry-content-wrapper clearfix'>\n<div class=\"flex_column av_one_fourth  flex_column_div av-zero-column-padding first  avia-builder-el-12  el_before_av_one_fourth  avia-builder-el-first  \" style='border-radius:0px; '><p><br \/>\n<div  style='padding-bottom:6px; ' class='av-special-heading av-special-heading-h3  blockquote modern-quote  avia-builder-el-14  el_after_av_codeblock  el_before_av_textblock  '><h3 class='av-special-heading-tag '  itemprop=\"headline\"  >Participaci\u00f3n<\/h3><div class='special-heading-border'><div class='special-heading-inner-border' ><\/div><\/div><\/div><br \/>\n<section class=\"av_textblock_section \"  itemscope=\"itemscope\" itemtype=\"https:\/\/schema.org\/CreativeWork\" ><div class='avia_textblock  '   itemprop=\"text\" ><p>A democracia \u00e9 o coraz\u00f3n do proxecto profesional de Cidadania. \u00c9 un campo onde \u00e9 positivo afondar, tanto nas administraci\u00f3ns p\u00fablicas, como nas organizaci\u00f3ns sociais e econ\u00f3micas.<\/p>\n<\/div><\/section><\/p><\/div><div class=\"flex_column av_one_fourth  flex_column_div av-zero-column-padding   avia-builder-el-16  el_after_av_one_fourth  el_before_av_one_fourth  \" style='border-radius:0px; '><p><br \/>\n<div  style='padding-bottom:6px; ' class='av-special-heading av-special-heading-h3  blockquote modern-quote  avia-builder-el-18  el_after_av_codeblock  el_before_av_textblock  '><h3 class='av-special-heading-tag '  itemprop=\"headline\"  >Investigaci\u00f3n<\/h3><div class='special-heading-border'><div class='special-heading-inner-border' ><\/div><\/div><\/div><br \/>\n<section class=\"av_textblock_section \"  itemscope=\"itemscope\" itemtype=\"https:\/\/schema.org\/CreativeWork\" ><div class='avia_textblock  '   itemprop=\"text\" ><p>Cidadania realiza investigaci\u00f3ns sociol\u00f3xicas, utilizando as diferentes metodolox\u00edas cuantitativas e cualitativas: estudio das cualificaci\u00f3ns e os perf\u00eds profesionais, an\u00e1lise de necesidades sociais, enquisas, grupos de discusi\u00f3n, foros&#8230;<\/p>\n<\/div><\/section><\/p><\/div><div class=\"flex_column av_one_fourth  flex_column_div av-zero-column-padding   avia-builder-el-20  el_after_av_one_fourth  el_before_av_one_fourth  \" style='border-radius:0px; '><p><br \/>\n<div  style='padding-bottom:6px; ' class='av-special-heading av-special-heading-h3  blockquote modern-quote  avia-builder-el-22  el_after_av_codeblock  el_before_av_textblock  '><h3 class='av-special-heading-tag '  itemprop=\"headline\"  >Consultor\u00eda<\/h3><div class='special-heading-border'><div class='special-heading-inner-border' ><\/div><\/div><\/div><br \/>\n<section class=\"av_textblock_section \"  itemscope=\"itemscope\" itemtype=\"https:\/\/schema.org\/CreativeWork\" ><div class='avia_textblock  '   itemprop=\"text\" ><p>As pol\u00edticas p\u00fablicas poden ser m\u00e1is acertadas se utilizan ben as ferramentas de an\u00e1lise, planificaci\u00f3n e avaliaci\u00f3n. Compromet\u00e9monos a po\u00f1er as disciplinas das ciencias sociais ao servizo da innovaci\u00f3n, a modernizaci\u00f3n e a mellora da acci\u00f3n p\u00fablica.<\/p>\n<\/div><\/section><\/p><\/div><div class=\"flex_column av_one_fourth  flex_column_div av-zero-column-padding   avia-builder-el-24  el_after_av_one_fourth  avia-builder-el-last  \" style='border-radius:0px; '><p><br \/>\n<div  style='padding-bottom:6px; ' class='av-special-heading av-special-heading-h3  blockquote modern-quote  avia-builder-el-26  el_after_av_codeblock  el_before_av_textblock  '><h3 class='av-special-heading-tag '  itemprop=\"headline\"  >Formaci\u00f3n<\/h3><div class='special-heading-border'><div class='special-heading-inner-border' ><\/div><\/div><\/div><br \/>\n<section class=\"av_textblock_section \"  itemscope=\"itemscope\" itemtype=\"https:\/\/schema.org\/CreativeWork\" ><div class='avia_textblock  '   itemprop=\"text\" ><p>Cidadania \u00e9 un equipo de referencia na mellora organizativa das cooperativas e entidades de econom\u00eda social. Cidadania \u00e9 un equipo de referencia na mellora organizativa das cooperativas e entidades de econom\u00eda social.<\/p>\n<\/div><\/section><\/p><\/div>\n<\/div><\/div><\/div><!-- close content main div --><\/div><\/div><div id='after_section_1'  class='main_color av_default_container_wrap container_wrap sidebar_right' style=' '  ><div class='container' ><div class='template-page content  av-content-small alpha units'><div class='post-entry post-entry-type-page post-entry-1157'><div class='entry-content-wrapper clearfix'>\n<div  style='height:1px; margin-top:0px'  class='hr hr-invisible   avia-builder-el-28  el_after_av_section  avia-builder-el-no-sibling  limpador_abaixo'><span class='hr-inner ' ><span class='hr-inner-style'><\/span><\/span><\/div>\n","protected":false},"excerpt":{"rendered":"","protected":false},"author":2,"featured_media":0,"parent":0,"menu_order":0,"comment_status":"closed","ping_status":"closed","template":"","meta":{"footnotes":""},"_links":{"self":[{"href":"https:\/\/cidadania.coop\/es\/wp-json\/wp\/v2\/pages\/1157"}],"collection":[{"href":"https:\/\/cidadania.coop\/es\/wp-json\/wp\/v2\/pages"}],"about":[{"href":"https:\/\/cidadania.coop\/es\/wp-json\/wp\/v2\/types\/page"}],"author":[{"embeddable":true,"href":"https:\/\/cidadania.coop\/es\/wp-json\/wp\/v2\/users\/2"}],"replies":[{"embeddable":true,"href":"https:\/\/cidadania.coop\/es\/wp-json\/wp\/v2\/comments?post=1157"}],"version-history":[{"count":4,"href":"https:\/\/cidadania.coop\/es\/wp-json\/wp\/v2\/pages\/1157\/revisions"}],"predecessor-version":[{"id":1370,"href":"https:\/\/cidadania.coop\/es\/wp-json\/wp\/v2\/pages\/1157\/revisions\/1370"}],"wp:attachment":[{"href":"https:\/\/cidadania.coop\/es\/wp-json\/wp\/v2\/media?parent=1157"}],"curies":[{"name":"wp","href":"https:\/\/api.w.org\/{rel}","templated":true}]}}