{"id":1159,"date":"2012-01-23T08:38:50","date_gmt":"2012-01-23T08:38:50","guid":{"rendered":"https:\/\/cidadania.coop\/es\/participacion\/"},"modified":"2023-05-10T13:00:04","modified_gmt":"2023-05-10T12:00:04","slug":"participacion","status":"publish","type":"page","link":"https:\/\/cidadania.coop\/es\/participacion\/","title":{"rendered":"Participaci\u00f3n"},"content":{"rendered":"<div id='av_section_1'  class='avia-section main_color avia-section-default avia-no-shadow  avia-bg-style-scroll  avia-builder-el-0  el_before_nu_traballoslider  avia-builder-el-first  que_facemos_fillos  container_wrap sidebar_right' style=' '  ><div class='container' ><main  role=\"main\" itemprop=\"mainContentOfPage\"  class='template-page content  av-content-small alpha units'><div class='post-entry post-entry-type-page post-entry-1159'><div class='entry-content-wrapper clearfix'>\n<div class=\"flex_column av_one_third  flex_column_div av-zero-column-padding first  avia-builder-el-1  el_before_av_one_third  avia-builder-el-first  \" style='border-radius:0px; '><p><div  style='height:75px' class='hr hr-invisible   avia-builder-el-2  el_before_av_image  avia-builder-el-first '><span class='hr-inner ' ><span class='hr-inner-style'><\/span><\/span><\/div><br \/>\n<div  class='avia-image-container  av-styling-    avia-builder-el-3  el_after_av_hr  avia-builder-el-last  avia-align-center '  itemprop=\"image\" itemscope=\"itemscope\" itemtype=\"https:\/\/schema.org\/ImageObject\"  ><div class='avia-image-container-inner'><div class='avia-image-overlay-wrap'><img class='avia_image' src='https:\/\/cidadania.coop\/wp-content\/uploads\/2012\/01\/bloques-participacion.png' alt='' title='bloques-participacion' height=\"460\" width=\"460\"  itemprop=\"thumbnailUrl\"  \/><\/div><\/div><\/div><\/p><\/div><div class=\"flex_column av_one_third  flex_column_div av-zero-column-padding   avia-builder-el-4  el_after_av_one_third  el_before_av_one_third  estirar \" style='border-radius:0px; '><p><div  style='padding-bottom:0px; ' class='av-special-heading av-special-heading-h1  blockquote modern-quote  avia-builder-el-5  el_before_av_hr  avia-builder-el-first  encabezado_branco '><h1 class='av-special-heading-tag '  itemprop=\"headline\"  >Participaci\u00f3n<\/h1><div class='special-heading-border'><div class='special-heading-inner-border' ><\/div><\/div><\/div><br \/>\n<div  style='height:27px' class='hr hr-invisible   avia-builder-el-6  el_after_av_heading  el_before_av_textblock '><span class='hr-inner ' ><span class='hr-inner-style'><\/span><\/span><\/div><br \/>\n<section class=\"av_textblock_section \"  itemscope=\"itemscope\" itemtype=\"https:\/\/schema.org\/CreativeWork\" ><div class='avia_textblock  '   itemprop=\"text\" ><p>La democracia es el coraz\u00f3n del proyecto profesional de Cidadan\u00eda. Es un campo donde es positivo profundizar, tanto en las administraciones p\u00fablicas, como en las organizaciones sociales y econ\u00f3micas.<\/p>\n<p>Nuestro trabajo pretende facilitar la participaci\u00f3n activa de la ciudadan\u00eda en las pol\u00edticas p\u00fablicas y tambi\u00e9n ayudar la que las asociaciones y colectivos sociales se vertebren y fortalezcan.<\/p>\n<p>La democracia participativa es un \u00e1mbito en el que experimentamos e innovamos constantemente.<\/p>\n<\/div><\/section><\/p><\/div><div class=\"flex_column av_one_third  flex_column_div av-zero-column-padding   avia-builder-el-8  el_after_av_one_third  avia-builder-el-last  encoller \" style='border-radius:0px; '><p><div  style='height:72px' class='hr hr-invisible   avia-builder-el-9  el_before_av_sidebar  avia-builder-el-first '><span class='hr-inner ' ><span class='hr-inner-style'><\/span><\/span><\/div><br \/>\n<div  class='avia-builder-widget-area clearfix  avia-builder-el-10  el_after_av_hr  avia-builder-el-last '><section id=\"nav_menu-4\" class=\"widget clearfix widget_nav_menu\"><h3 class=\"widgettitle\">Que hacemos<\/h3><div class=\"menu-menu-que-hacemos-container\"><ul id=\"menu-menu-que-hacemos\" class=\"menu\"><li id=\"menu-item-1972\" class=\"menu-item menu-item-type-post_type menu-item-object-page menu-item-1972\"><a href=\"https:\/\/cidadania.coop\/es\/participacion\/\">Participaci\u00f3n<\/a><\/li>\n<li id=\"menu-item-1969\" class=\"menu-item menu-item-type-post_type menu-item-object-page menu-item-1969\"><a href=\"https:\/\/cidadania.coop\/es\/investigacion-social\/\">Investigaci\u00f3n<\/a><\/li>\n<li id=\"menu-item-1970\" class=\"menu-item menu-item-type-post_type menu-item-object-page menu-item-1970\"><a href=\"https:\/\/cidadania.coop\/es\/consultoria\/\">Consultor\u00eda<\/a><\/li>\n<li id=\"menu-item-1971\" class=\"menu-item menu-item-type-post_type menu-item-object-page menu-item-1971\"><a href=\"https:\/\/cidadania.coop\/es\/formacion\/\">Formaci\u00f3n<\/a><\/li>\n<\/ul><\/div><span class=\"seperator extralight-border\"><\/span><\/section><\/div><\/p><\/div><\/div><\/div><\/main><!-- close content main element --><\/div><\/div><div id='after_section_1'  class='main_color av_default_container_wrap container_wrap sidebar_right' style=' '  ><div class='container' ><div class='template-page content  av-content-small alpha units'><div class='post-entry post-entry-type-page post-entry-1159'><div class='entry-content-wrapper clearfix'><div  data-autoplay=''  data-interval='5'  data-animation='fade'  data-show_slide_delay='90'  class='avia-content-slider traballos-slider avia-content-slider-active avia-content-slider1 avia-content-slider-odd  avia-builder-el-11  el_after_av_section  avia-builder-el-no-sibling '  itemscope=\"itemscope\" itemtype=\"https:\/\/schema.org\/Blog\" ><div class='avia-content-slider-inner'><div class='slide-entry-wrap'><article class='slide-entry flex_column  post-entry post-entry-1349 slide-entry-overview slide-loop-1 slide-parity-odd  av_one_third first real-thumbnail'  itemscope=\"itemscope\" itemtype=\"https:\/\/schema.org\/CreativeWork\" ><img loading=\"lazy\" decoding=\"async\" width=\"320\" height=\"180\" src=\"https:\/\/cidadania.coop\/wp-content\/uploads\/2017\/01\/Caminos-escolares-320x180.png\" class=\"attachment-traballos_grid size-traballos_grid wp-post-image\" alt=\"\" srcset=\"https:\/\/cidadania.coop\/wp-content\/uploads\/2017\/01\/Caminos-escolares-320x180.png 320w, https:\/\/cidadania.coop\/wp-content\/uploads\/2017\/01\/Caminos-escolares-1121x630.png 1121w\" sizes=\"(max-width: 320px) 100vw, 320px\" \/><div class='slide-content'><header class=\"entry-content-header\"><h3 class='slide-entry-title entry-title'  itemprop=\"headline\" >Proyecto y Plan de Dinamizaci\u00f3n de Caminos Escolares Seguros<\/h3><div class=\"lugar\">Diputaci\u00f3n de Pontevedra<\/div><\/header><div class='slide-entry-excerpt entry-content'  itemprop=\"text\" >Acompa\u00f1amos al CEP Xos\u00e9 Neira Vilas, en el Concello de Gondomar, en su proceso de dise\u00f1o y dinamizaci\u00f3n de un camino escolar seguro. Junto con la comunidad educativa, identificamos las necesidades existentes para poder hacer a pie los trayectos de ida y vuelta a la escuela, promoviendo h\u00e1bitos saludables y aumentando la autonom\u00eda del alumnado. Se divulg\u00f3 el proyecto entre la comunidad escolar, de dinamizaron actividades en las aulas, y se realiz\u00f3 un estudio urban\u00edstico, ambiental y de seguridad del entorno, perfilando las acciones necesarias para promover el uso del Camino Escolar.<\/div><\/div><\/article><article class='slide-entry flex_column  post-entry post-entry-1341 slide-entry-overview slide-loop-2 slide-parity-even  av_one_third  real-thumbnail'  itemscope=\"itemscope\" itemtype=\"https:\/\/schema.org\/CreativeWork\" ><img loading=\"lazy\" decoding=\"async\" width=\"320\" height=\"180\" src=\"https:\/\/cidadania.coop\/wp-content\/uploads\/2017\/02\/19_11_19_OrzamentosParticipativos-320x180.jpg\" class=\"attachment-traballos_grid size-traballos_grid wp-post-image\" alt=\"\" \/><div class='slide-content'><header class=\"entry-content-header\"><h3 class='slide-entry-title entry-title'  itemprop=\"headline\" >Presupuestos participativos<\/h3><div class=\"lugar\">Ayuntamiento de Ames, Ayuntamiento da Coru\u00f1a, Ayuntamiento de Ferrol y Ayuntamiento de Santiago<\/div><\/header><div class='slide-entry-excerpt entry-content'  itemprop=\"text\" >Los presupuestos participativos son una herramienta para que los vecinos y vecinas decidan, de forma directa, las propuestas a las que destinar una parte del presupuesto de su ayuntamiento. El \u00e9xito de estos procesos deriva de la amplitud y diversidad de personas participantes. A trav\u00e9s de los presupuestos participativos, las principales demandas y preocupaciones ciudadanas son inclu\u00eddas en los presupuestos municipales, y la propia ciudadan\u00eda hace seguimiento de los compromisos adquiridos por el ayuntamiento.<\/div><\/div><\/article><article class='slide-entry flex_column  post-entry post-entry-1352 slide-entry-overview slide-loop-3 slide-parity-odd  post-entry-last  av_one_third  real-thumbnail'  itemscope=\"itemscope\" itemtype=\"https:\/\/schema.org\/CreativeWork\" ><img loading=\"lazy\" decoding=\"async\" width=\"320\" height=\"180\" src=\"https:\/\/cidadania.coop\/wp-content\/uploads\/2017\/02\/20220822_183653-320x180.jpg\" class=\"attachment-traballos_grid size-traballos_grid wp-post-image\" alt=\"\" \/><div class='slide-content'><header class=\"entry-content-header\"><h3 class='slide-entry-title entry-title'  itemprop=\"headline\" >Estrategias de Desarrollo Local Participativo<\/h3><div class=\"lugar\">Grupos de Acci\u00f3n Local del Sector Pesquero y Grupos de Desarrollo Rural<\/div><\/header><div class='slide-entry-excerpt entry-content'  itemprop=\"text\" >Implicamos a los axentes y sectores que componen los Grupos de Acci\u00f3n Local del sector Pesquero y los Grupos de Desarrollo Rural gallegos, apostando por la cooperaci\u00f3n, la sostenibilidad y la inclusi\u00f3n. Mediante herramientas de diagnose compartida y formulaci\u00f3n de propuestas, se trazan las l\u00edneas de actuaci\u00f3n que responden al sentir social y las necesidades de los territorios. Los documentos resultantes constituyen la hoja de ruta de estas entidades durante el per\u00edodo de vigencia de los programas FEMPA y FEADER.\r\n\r\n&nbsp;<\/div><\/div><\/article><\/div><\/div><\/div><\/p>\n","protected":false},"excerpt":{"rendered":"","protected":false},"author":2,"featured_media":0,"parent":0,"menu_order":0,"comment_status":"closed","ping_status":"closed","template":"","meta":{"footnotes":""},"_links":{"self":[{"href":"https:\/\/cidadania.coop\/es\/wp-json\/wp\/v2\/pages\/1159"}],"collection":[{"href":"https:\/\/cidadania.coop\/es\/wp-json\/wp\/v2\/pages"}],"about":[{"href":"https:\/\/cidadania.coop\/es\/wp-json\/wp\/v2\/types\/page"}],"author":[{"embeddable":true,"href":"https:\/\/cidadania.coop\/es\/wp-json\/wp\/v2\/users\/2"}],"replies":[{"embeddable":true,"href":"https:\/\/cidadania.coop\/es\/wp-json\/wp\/v2\/comments?post=1159"}],"version-history":[{"count":4,"href":"https:\/\/cidadania.coop\/es\/wp-json\/wp\/v2\/pages\/1159\/revisions"}],"predecessor-version":[{"id":2647,"href":"https:\/\/cidadania.coop\/es\/wp-json\/wp\/v2\/pages\/1159\/revisions\/2647"}],"wp:attachment":[{"href":"https:\/\/cidadania.coop\/es\/wp-json\/wp\/v2\/media?parent=1159"}],"curies":[{"name":"wp","href":"https:\/\/api.w.org\/{rel}","templated":true}]}}