{"id":1161,"date":"2012-01-23T08:49:21","date_gmt":"2012-01-23T08:49:21","guid":{"rendered":"https:\/\/cidadania.coop\/es\/consultoria\/"},"modified":"2023-05-10T13:03:34","modified_gmt":"2023-05-10T12:03:34","slug":"consultoria","status":"publish","type":"page","link":"https:\/\/cidadania.coop\/es\/consultoria\/","title":{"rendered":"Consultor\u00eda"},"content":{"rendered":"<div id='av_section_1'  class='avia-section main_color avia-section-default avia-no-shadow  avia-bg-style-scroll  avia-builder-el-0  el_before_nu_traballoslider  avia-builder-el-first  que_facemos_fillos  container_wrap sidebar_right' style=' '  ><div class='container' ><main  role=\"main\" itemprop=\"mainContentOfPage\"  class='template-page content  av-content-small alpha units'><div class='post-entry post-entry-type-page post-entry-1161'><div class='entry-content-wrapper clearfix'>\n<div class=\"flex_column av_one_third  flex_column_div av-zero-column-padding first  avia-builder-el-1  el_before_av_one_third  avia-builder-el-first  \" style='border-radius:0px; '><p><div  style='height:75px' class='hr hr-invisible   avia-builder-el-2  el_before_av_image  avia-builder-el-first '><span class='hr-inner ' ><span class='hr-inner-style'><\/span><\/span><\/div><br \/>\n<div  class='avia-image-container  av-styling-    avia-builder-el-3  el_after_av_hr  avia-builder-el-last  avia-align-center '  itemprop=\"image\" itemscope=\"itemscope\" itemtype=\"https:\/\/schema.org\/ImageObject\"  ><div class='avia-image-container-inner'><div class='avia-image-overlay-wrap'><img class='avia_image' src='https:\/\/cidadania.coop\/wp-content\/uploads\/2012\/01\/bloques-consultoria-300x300.png' alt='' title='bloques-consultoria' height=\"300\" width=\"300\"  itemprop=\"thumbnailUrl\"  \/><\/div><\/div><\/div><\/p><\/div><div class=\"flex_column av_one_third  flex_column_div av-zero-column-padding   avia-builder-el-4  el_after_av_one_third  el_before_av_one_third  estirar \" style='border-radius:0px; '><p><div  style='padding-bottom:0px; ' class='av-special-heading av-special-heading-h1  blockquote modern-quote  avia-builder-el-5  el_before_av_hr  avia-builder-el-first  encabezado_branco '><h1 class='av-special-heading-tag '  itemprop=\"headline\"  >Consultor\u00eda<\/h1><div class='special-heading-border'><div class='special-heading-inner-border' ><\/div><\/div><\/div><br \/>\n<div  style='height:27px' class='hr hr-invisible   avia-builder-el-6  el_after_av_heading  el_before_av_textblock '><span class='hr-inner ' ><span class='hr-inner-style'><\/span><\/span><\/div><br \/>\n<section class=\"av_textblock_section \"  itemscope=\"itemscope\" itemtype=\"https:\/\/schema.org\/CreativeWork\" ><div class='avia_textblock  '   itemprop=\"text\" ><p>Cidadan\u00eda cuenta con amplia experiencia en el an\u00e1lisis, planificaci\u00f3n, seguimiento y evaluaci\u00f3n de estrategias, planes, programas y actuaciones, realizadas desde distintas administraciones p\u00fablicas.\u00a0 Trabajamos con administraciones auton\u00f3micas y locales, con entidades gestoras de programas europeos, y con colectivos y asociaciones de distintos \u00e1mbitos.<\/p>\n<p>Evaluamos la utilidad, eficacia y eficiencia de las actuaciones p\u00fablicas, teniendo en cuenta criterios que redunden en el beneficio de los colectivos implicados, y de la mejora del funcionamiento de las entidades e instituciones.<\/p>\n<\/div><\/section><\/p><\/div><div class=\"flex_column av_one_third  flex_column_div av-zero-column-padding   avia-builder-el-8  el_after_av_one_third  avia-builder-el-last  encoller \" style='border-radius:0px; '><p><div  style='height:72px' class='hr hr-invisible   avia-builder-el-9  el_before_av_sidebar  avia-builder-el-first '><span class='hr-inner ' ><span class='hr-inner-style'><\/span><\/span><\/div><br \/>\n<div  class='avia-builder-widget-area clearfix  avia-builder-el-10  el_after_av_hr  avia-builder-el-last '><section id=\"nav_menu-4\" class=\"widget clearfix widget_nav_menu\"><h3 class=\"widgettitle\">Que hacemos<\/h3><div class=\"menu-menu-que-hacemos-container\"><ul id=\"menu-menu-que-hacemos\" class=\"menu\"><li id=\"menu-item-1972\" class=\"menu-item menu-item-type-post_type menu-item-object-page menu-item-1972\"><a href=\"https:\/\/cidadania.coop\/es\/participacion\/\">Participaci\u00f3n<\/a><\/li>\n<li id=\"menu-item-1969\" class=\"menu-item menu-item-type-post_type menu-item-object-page menu-item-1969\"><a href=\"https:\/\/cidadania.coop\/es\/investigacion-social\/\">Investigaci\u00f3n<\/a><\/li>\n<li id=\"menu-item-1970\" class=\"menu-item menu-item-type-post_type menu-item-object-page menu-item-1970\"><a href=\"https:\/\/cidadania.coop\/es\/consultoria\/\">Consultor\u00eda<\/a><\/li>\n<li id=\"menu-item-1971\" class=\"menu-item menu-item-type-post_type menu-item-object-page menu-item-1971\"><a href=\"https:\/\/cidadania.coop\/es\/formacion\/\">Formaci\u00f3n<\/a><\/li>\n<\/ul><\/div><span class=\"seperator extralight-border\"><\/span><\/section><\/div><\/p><\/div><\/div><\/div><\/main><!-- close content main element --><\/div><\/div><div id='after_section_1'  class='main_color av_default_container_wrap container_wrap sidebar_right' style=' '  ><div class='container' ><div class='template-page content  av-content-small alpha units'><div class='post-entry post-entry-type-page post-entry-1161'><div class='entry-content-wrapper clearfix'><div  data-autoplay=''  data-interval='5'  data-animation='fade'  data-show_slide_delay='90'  class='avia-content-slider traballos-slider avia-content-slider-active avia-content-slider1 avia-content-slider-odd  avia-builder-el-11  el_after_av_section  avia-builder-el-no-sibling '  itemscope=\"itemscope\" itemtype=\"https:\/\/schema.org\/Blog\" ><div class='avia-content-slider-inner'><div class='slide-entry-wrap'><article class='slide-entry flex_column  post-entry post-entry-1778 slide-entry-overview slide-loop-1 slide-parity-odd  av_one_third first real-thumbnail'  itemscope=\"itemscope\" itemtype=\"https:\/\/schema.org\/CreativeWork\" ><img loading=\"lazy\" decoding=\"async\" width=\"320\" height=\"180\" src=\"https:\/\/cidadania.coop\/wp-content\/uploads\/2019\/09\/279706215_154379417072763_6383921088272186650_n-320x180.jpg\" class=\"attachment-traballos_grid size-traballos_grid wp-post-image\" alt=\"\" \/><div class='slide-content'><header class=\"entry-content-header\"><h3 class='slide-entry-title entry-title'  itemprop=\"headline\" >Tanza. Ideaci\u00f3n y promoci\u00f3n de iniciativas de econom\u00eda circular<\/h3><div class=\"lugar\">Grupos de Acci\u00f3n Local del Sector Pesquero | Entidades locales y asociaciones de inclusi\u00f3n<\/div><\/header><div class='slide-entry-excerpt entry-content'  itemprop=\"text\" >Este proyecto de cooperaci\u00f3n de los Grupos de Acci\u00f3n Local del Sector Pesquero (GALP) se promovi\u00f3 con el objetivo de idear y poner en marcha iniciativas de econom\u00eda circular en las zonas costeras. Durante el proyecto pusimos en contacto al sector pesquero y a las entidades de inclusi\u00f3n social, poniendo en com\u00fan necesidades y fortalezas en la b\u00fasqueda de iniciativas conjuntas. Tanza fue el germen de proyectos innovadores alrededor de la inclusi\u00f3n y la econom\u00eda circular: Aula Sostible do Freixo, #Amecomar, #Diversipl\u00e1s e #BurelaIN.<\/div><a href=\"https:\/\/www.facebook.com\/proxectotanza\/\" target=\"_blank\" class=\"link_proxecto\" rel=\"noopener\">https:\/\/www.facebook.com\/proxectotanza\/<\/a><\/div><\/article><article class='slide-entry flex_column  post-entry post-entry-1351 slide-entry-overview slide-loop-2 slide-parity-even  av_one_third  real-thumbnail'  itemscope=\"itemscope\" itemtype=\"https:\/\/schema.org\/CreativeWork\" ><img loading=\"lazy\" decoding=\"async\" width=\"320\" height=\"180\" src=\"https:\/\/cidadania.coop\/wp-content\/uploads\/2017\/03\/IMG_0544-320x180.jpg\" class=\"attachment-traballos_grid size-traballos_grid wp-post-image\" alt=\"\" \/><div class='slide-content'><header class=\"entry-content-header\"><h3 class='slide-entry-title entry-title'  itemprop=\"headline\" >Indicaci\u00f3n Geogr\u00e1fica Protegida de los vinos gallegos<\/h3><div class=\"lugar\">Grupos de Desarrollo Rural<\/div><\/header><div class='slide-entry-excerpt entry-content'  itemprop=\"text\" >Colaboramos con los Grupos de Desarrollo Rural en la dinamizaci\u00f3n y promoci\u00f3n de las Indicaciones Geogr\u00e1ficas Protegidas (IXP) de Vinos de Galicia. Este proyecto de cooperaci\u00f3n tiene por objetivos favorecer la comunicaci\u00f3n entre bodegas, poniendo en valor la calidad de sus vinos, as\u00ed como los recursos patrimoniales, paisaj\u00edsticos y gastron\u00f3micos de sus comarcas. A trav\u00e9s de los productos locales, se pretende situar a los territorios como destinos enotur\u00edsticos privilegiados, contribuyendo al desarrollo de la econom\u00eda local y del medio rural.<\/div><a href=\"https:\/\/xn--vios-hqa.ixp.gal\/es\" target=\"_blank\" class=\"link_proxecto\" rel=\"noopener\">https:\/\/xn--vios-hqa.ixp.gal\/es<\/a><\/div><\/article><article class='slide-entry flex_column  post-entry post-entry-1350 slide-entry-overview slide-loop-3 slide-parity-odd  post-entry-last  av_one_third  real-thumbnail'  itemscope=\"itemscope\" itemtype=\"https:\/\/schema.org\/CreativeWork\" ><img loading=\"lazy\" decoding=\"async\" width=\"320\" height=\"180\" src=\"https:\/\/cidadania.coop\/wp-content\/uploads\/2017\/03\/20221018_103108-320x180.jpg\" class=\"attachment-traballos_grid size-traballos_grid wp-post-image\" alt=\"\" \/><div class='slide-content'><header class=\"entry-content-header\"><h3 class='slide-entry-title entry-title'  itemprop=\"headline\" >Elaboraci\u00f3n de normas t\u00e9cnicas de artesan\u00eda alimentaria<\/h3><div class=\"lugar\">AGACAL<\/div><\/header><div class='slide-entry-excerpt entry-content'  itemprop=\"text\" >Galicia destaca por la calidad de sus productos y cuenta con un sector primario de gran tradici\u00f3n. La Agencia Gallega de Calidad Alimentaria promueve la regulaci\u00f3n de estas actividades, teniendo en cuenta la perspectiva de los sectores productivos, que identifican las materias primas autorizadas, los procesos de elaboraci\u00f3n, los l\u00edmites de producci\u00f3n, la presentaci\u00f3n y envases de los productos, la rastreabilidad, el control y la higiene, para elaborar la norma t\u00e9cnica de cada producto. El objetivo final del desarrollo de esta regulaci\u00f3n es promover la calidad alimentaria de los productos artesanales de Galicia.<\/div><a href=\"https:\/\/experienciasdecalidade.gal\/es\" target=\"_blank\" class=\"link_proxecto\" rel=\"noopener\">https:\/\/experienciasdecalidade.gal\/es<\/a><\/div><\/article><\/div><\/div><\/div><\/p>\n","protected":false},"excerpt":{"rendered":"","protected":false},"author":2,"featured_media":0,"parent":0,"menu_order":0,"comment_status":"closed","ping_status":"closed","template":"","meta":{"footnotes":""},"_links":{"self":[{"href":"https:\/\/cidadania.coop\/es\/wp-json\/wp\/v2\/pages\/1161"}],"collection":[{"href":"https:\/\/cidadania.coop\/es\/wp-json\/wp\/v2\/pages"}],"about":[{"href":"https:\/\/cidadania.coop\/es\/wp-json\/wp\/v2\/types\/page"}],"author":[{"embeddable":true,"href":"https:\/\/cidadania.coop\/es\/wp-json\/wp\/v2\/users\/2"}],"replies":[{"embeddable":true,"href":"https:\/\/cidadania.coop\/es\/wp-json\/wp\/v2\/comments?post=1161"}],"version-history":[{"count":5,"href":"https:\/\/cidadania.coop\/es\/wp-json\/wp\/v2\/pages\/1161\/revisions"}],"predecessor-version":[{"id":2651,"href":"https:\/\/cidadania.coop\/es\/wp-json\/wp\/v2\/pages\/1161\/revisions\/2651"}],"wp:attachment":[{"href":"https:\/\/cidadania.coop\/es\/wp-json\/wp\/v2\/media?parent=1161"}],"curies":[{"name":"wp","href":"https:\/\/api.w.org\/{rel}","templated":true}]}}