{"id":1178,"date":"2017-02-10T10:41:25","date_gmt":"2017-02-10T10:41:25","guid":{"rendered":"https:\/\/cidadania.coop\/es\/actualidade\/"},"modified":"2017-03-06T08:41:45","modified_gmt":"2017-03-06T08:41:45","slug":"actualidade","status":"publish","type":"page","link":"https:\/\/cidadania.coop\/es\/actualidade\/","title":{"rendered":"Actualidad"},"content":{"rendered":"<div  style='padding-bottom:0px; ' class='av-special-heading av-special-heading-h1  blockquote modern-quote  avia-builder-el-0  el_before_nu_blog  avia-builder-el-first  encabezado_beige '><h1 class='av-special-heading-tag '  itemprop=\"headline\"  >Actualidad<\/h1><div class='special-heading-border'><div class='special-heading-inner-border' ><\/div><\/div><\/div>\n<div  data-autoplay=''  data-interval='5'  data-animation='fade'  data-show_slide_delay='90'  class='avia-content-slider avia-content-grid-active avia-content-slider1 avia-content-slider-even  avia-builder-el-1  el_after_av_heading  avia-builder-el-last '  itemscope=\"itemscope\" itemtype=\"https:\/\/schema.org\/Blog\" ><div class='avia-content-slider-inner'><div class='slide-entry-wrap'><article class='slide-entry flex_column  post-entry post-entry-3913 slide-entry-overview slide-loop-1 slide-parity-odd  av_one_half first real-thumbnail'  itemscope=\"itemscope\" itemtype=\"https:\/\/schema.org\/BlogPosting\" itemprop=\"blogPost\" ><a href='https:\/\/cidadania.coop\/es\/pesca-saude-inicia-a-campana-nos-centros-de-saude\/' data-rel='slide-1' class='slide-image' title=''><img loading=\"lazy\" decoding=\"async\" width=\"319\" height=\"246\" src=\"https:\/\/cidadania.coop\/wp-content\/uploads\/2026\/04\/678338525_1261435892801622_3515444114429319700_n-319x246.jpg\" class=\"attachment-blog_small size-blog_small wp-post-image\" alt=\"\" \/><\/a><div class='slide-content'><header class=\"entry-content-header\"><h3 class='slide-entry-title entry-title'  itemprop=\"headline\" ><a href='https:\/\/cidadania.coop\/es\/pesca-saude-inicia-a-campana-nos-centros-de-saude\/' title='Pesca sa\u00fade inicia a campa\u00f1a nos centros de sa\u00fade!'>Pesca sa\u00fade inicia a campa\u00f1a nos centros de sa\u00fade!<\/a><\/h3><time class='slide-meta-time updated'  itemprop=\"headline\" >Publicado o 20 de abril de 2026<\/time><div class=\"blog-categories minor-meta\"><a href=\"https:\/\/cidadania.coop\/category\/actualidade\/\" rel=\"tag\">Actualidade<\/a> <\/div><\/header><div class='slide-entry-excerpt entry-content'  itemprop=\"text\" >Pesca Sa\u00fade, proxecto de cooperaci\u00f3n dos GALP galegos liderado polo GALP Costa Sostible, comeza a campa\u00f1a polos centros de sa\u00fade da costa galega. Vinc\u00falase os bos h\u00e1bitos alimentarios co benestar.<\/div><\/div><footer class=\"entry-footer\"><\/footer><\/article><article class='slide-entry flex_column  post-entry post-entry-3898 slide-entry-overview slide-loop-2 slide-parity-even  av_one_half  real-thumbnail'  itemscope=\"itemscope\" itemtype=\"https:\/\/schema.org\/BlogPosting\" itemprop=\"blogPost\" ><a href='https:\/\/cidadania.coop\/es\/mariscando-conciencias-para-o-futuro-continua-a-sua-singradura\/' data-rel='slide-1' class='slide-image' title=''><img loading=\"lazy\" decoding=\"async\" width=\"319\" height=\"246\" src=\"https:\/\/cidadania.coop\/wp-content\/uploads\/2026\/04\/IMG_20260306_110112-319x246.jpg\" class=\"attachment-blog_small size-blog_small wp-post-image\" alt=\"\" \/><\/a><div class='slide-content'><header class=\"entry-content-header\"><h3 class='slide-entry-title entry-title'  itemprop=\"headline\" ><a href='https:\/\/cidadania.coop\/es\/mariscando-conciencias-para-o-futuro-continua-a-sua-singradura\/' title='Mariscando conCiencias para o Futuro contin\u00faa a s\u00faa singradura'>Mariscando conCiencias para o Futuro contin\u00faa a s\u00faa singradura<\/a><\/h3><time class='slide-meta-time updated'  itemprop=\"headline\" >Publicado o 6 de abril de 2026<\/time><div class=\"blog-categories minor-meta\"><a href=\"https:\/\/cidadania.coop\/category\/actualidade\/\" rel=\"tag\">Actualidade<\/a> <\/div><\/header><div class='slide-entry-excerpt entry-content'  itemprop=\"text\" >Compo\u00f1er saberes para imaxinar e constru\u00edr futuros sostibles: pesca costeira artesanal, invetigaci\u00f3n e arte comunitaria colaboran na proxecci\u00f3n de futuros sostibles no territorio<\/div><\/div><footer class=\"entry-footer\"><\/footer><\/article><\/div><div class='slide-entry-wrap'><article class='slide-entry flex_column  post-entry post-entry-3879 slide-entry-overview slide-loop-3 slide-parity-odd  av_one_half first real-thumbnail'  itemscope=\"itemscope\" itemtype=\"https:\/\/schema.org\/BlogPosting\" itemprop=\"blogPost\" ><a href='https:\/\/cidadania.coop\/es\/xeracion-peixe\/' data-rel='slide-1' class='slide-image' title=''><img loading=\"lazy\" decoding=\"async\" width=\"319\" height=\"246\" src=\"https:\/\/cidadania.coop\/wp-content\/uploads\/2026\/03\/642841923_1520186856150061_7119779450403623166_n-319x246.jpg\" class=\"attachment-blog_small size-blog_small wp-post-image\" alt=\"\" \/><\/a><div class='slide-content'><header class=\"entry-content-header\"><h3 class='slide-entry-title entry-title'  itemprop=\"headline\" ><a href='https:\/\/cidadania.coop\/es\/xeracion-peixe\/' title='Xeraci\u00f3n peixe!'>Xeraci\u00f3n peixe!<\/a><\/h3><time class='slide-meta-time updated'  itemprop=\"headline\" >Publicado o 9 de marzo de 2026<\/time><div class=\"blog-categories minor-meta\"><a href=\"https:\/\/cidadania.coop\/category\/actualidade\/\" rel=\"tag\">Actualidade<\/a> <\/div><\/header><div class='slide-entry-excerpt entry-content'  itemprop=\"text\" >A Fundaci\u00f3n EXPOMAR promove esta iniciativa dirixida \u00e1 mocidade, onde explorar a relaci\u00f3n co consumo de peixe a trav\u00e9s de distintas actividades: investigaci\u00f3n, receitairo, obradoiros interxeracionais, recollidas de lixo, etc.<\/div><\/div><footer class=\"entry-footer\"><\/footer><\/article><article class='slide-entry flex_column  post-entry post-entry-3864 slide-entry-overview slide-loop-4 slide-parity-even  post-entry-last  av_one_half  real-thumbnail'  itemscope=\"itemscope\" itemtype=\"https:\/\/schema.org\/BlogPosting\" itemprop=\"blogPost\" ><a href='https:\/\/cidadania.coop\/es\/pesca-saude-nas-prazas-de-abastos\/' data-rel='slide-1' class='slide-image' title=''><img loading=\"lazy\" decoding=\"async\" width=\"319\" height=\"246\" src=\"https:\/\/cidadania.coop\/wp-content\/uploads\/2026\/02\/634046451_1222727043367880_4373343128888474045_n-319x246.jpg\" class=\"attachment-blog_small size-blog_small wp-post-image\" alt=\"\" \/><\/a><div class='slide-content'><header class=\"entry-content-header\"><h3 class='slide-entry-title entry-title'  itemprop=\"headline\" ><a href='https:\/\/cidadania.coop\/es\/pesca-saude-nas-prazas-de-abastos\/' title='Pesca Sa\u00fade nas prazas de abastos'>Pesca Sa\u00fade nas prazas de abastos<\/a><\/h3><time class='slide-meta-time updated'  itemprop=\"headline\" >Publicado o 19 de febrero de 2026<\/time><div class=\"blog-categories minor-meta\"><a href=\"https:\/\/cidadania.coop\/category\/actualidade\/\" rel=\"tag\">Actualidade<\/a> <\/div><\/header><div class='slide-entry-excerpt entry-content'  itemprop=\"text\" >Pesca Sa\u00fade, proxecto de cooperaci\u00f3n dos GALP galegos, visita as prazas de abastos para informar sobre a campa\u00f1a de promoci\u00f3n do consumo de producto pesqueiro fresco e o seu v\u00ednculo cos h\u00e1bitos alimentarios saudables.<\/div><\/div><footer class=\"entry-footer\"><\/footer><\/article><\/div><\/div><div class='pagination-wrap pagination-slider'><nav class='paxinacion'><a href='https:\/\/cidadania.coop\/es\/wp-json\/wp\/v2\/pages\/1178\/page\/2\/' class='left'><i class='fa fa-chevron-circle-left' aria-hidden='true'><\/i>Anteriores<\/a><span class='right'><i class='fa fa-chevron-circle-right' aria-hidden='true'><\/i>Posteriores<\/span><\/nav>\n<\/div><\/div>\n","protected":false},"excerpt":{"rendered":"","protected":false},"author":3,"featured_media":0,"parent":0,"menu_order":0,"comment_status":"closed","ping_status":"closed","template":"","meta":{"footnotes":""},"_links":{"self":[{"href":"https:\/\/cidadania.coop\/es\/wp-json\/wp\/v2\/pages\/1178"}],"collection":[{"href":"https:\/\/cidadania.coop\/es\/wp-json\/wp\/v2\/pages"}],"about":[{"href":"https:\/\/cidadania.coop\/es\/wp-json\/wp\/v2\/types\/page"}],"author":[{"embeddable":true,"href":"https:\/\/cidadania.coop\/es\/wp-json\/wp\/v2\/users\/3"}],"replies":[{"embeddable":true,"href":"https:\/\/cidadania.coop\/es\/wp-json\/wp\/v2\/comments?post=1178"}],"version-history":[{"count":3,"href":"https:\/\/cidadania.coop\/es\/wp-json\/wp\/v2\/pages\/1178\/revisions"}],"predecessor-version":[{"id":2412,"href":"https:\/\/cidadania.coop\/es\/wp-json\/wp\/v2\/pages\/1178\/revisions\/2412"}],"wp:attachment":[{"href":"https:\/\/cidadania.coop\/es\/wp-json\/wp\/v2\/media?parent=1178"}],"curies":[{"name":"wp","href":"https:\/\/api.w.org\/{rel}","templated":true}]}}