{"id":1187,"date":"2012-10-01T10:05:05","date_gmt":"2012-10-01T10:05:05","guid":{"rendered":"https:\/\/cidadania.coop\/es\/aviso-legal\/"},"modified":"2023-05-10T12:50:03","modified_gmt":"2023-05-10T11:50:03","slug":"aviso-legal","status":"publish","type":"page","link":"https:\/\/cidadania.coop\/es\/aviso-legal\/","title":{"rendered":"Aviso legal"},"content":{"rendered":"<div class=\"flex_column av_one_full  flex_column_div av-zero-column-padding first  avia-builder-el-0  el_before_av_three_fourth  avia-builder-el-first  \" style='border-radius:0px; '><div  style='padding-bottom:0px; ' class='av-special-heading av-special-heading-h1  blockquote modern-quote  avia-builder-el-1  avia-builder-el-no-sibling  encabezado_branco '><h1 class='av-special-heading-tag '  itemprop=\"headline\"  >Aviso legal<\/h1><div class='special-heading-border'><div class='special-heading-inner-border' ><\/div><\/div><\/div><\/div>\n<div class=\"flex_column av_three_fourth  flex_column_div av-zero-column-padding first  avia-builder-el-2  el_after_av_one_full  el_before_av_one_fourth  column-top-margin\" style='border-radius:0px; '><section class=\"av_textblock_section \"  itemscope=\"itemscope\" itemtype=\"https:\/\/schema.org\/CreativeWork\" ><div class='avia_textblock  '   itemprop=\"text\" ><h3>\u00bfQui\u00e9n es el responsable?<\/h3>\n<p>CIDADANIA REDE DE APLICACI\u00d3NS SOCIAIS, S. COOP. GALEGA (C.I.F.: F-15.715.683), sociedad con domicilio social situado en la R\/ Pamplona, 7 &#8211; 2\u00baA &#8211; 15707 Santiago de Compostela.<\/p>\n<p>CIDADANIA REDE DE APLICACI\u00d3NS SOCIAIS, S. COOP. GALEGA<br \/>\nR\/ Pamplona, 7-2\u00baA<br \/>\n15707 Santiago de Compostela<br \/>\nTel\u00e9fono: 981 589 269<br \/>\nFax: 981 554 751<br \/>\ne-mail: cidadania [@] cidadania [.] coop<\/p>\n<h3>\u00bfCu\u00e1l es la finalidad del conjunto de tratamientos?<\/h3>\n<ul>\n<li>Gesti\u00f3n de interesados y clientes<\/li>\n<li>Gestiones laborales de los empleados de la cooperativa<\/li>\n<li>Gesti\u00f3n de subvenciones recibidas<\/li>\n<\/ul>\n<h3>\u00bfCu\u00e1l es la base que legitima los tratamientos?<\/h3>\n<p>La base jur\u00eddica del tratamiento es:<\/p>\n<p>Por regla general, el contrato de prestaci\u00f3n de servicios, pudiendo solicitarse el consentimiento expreso para aquellas finalidades no ligadas de modo directo con el servicio prestado (por ejemplo, toma de im\u00e1genes de interesados en diferentes actividades y\/o eventos).<\/p>\n<h3>\u00bfA qui\u00e9n proporcionamos sus datos?<\/h3>\n<p>Los datos que recabamos de nuestros interesados, tanto receptores de nuestros servicios como donantes o voluntarios, no ser\u00e1n cedidos a ninguna entidad externa.<\/p>\n<p>En cualquier caso, ser\u00e1n comunicados, en los t\u00e9rminos que la normativa exige, a la Xunta de Galicia y dem\u00e1s organismos p\u00fablicos con competencia en la materia, siempre que sean requeridos.<\/p>\n<h3>\u00bfQu\u00e9 derechos tiene usted?<\/h3>\n<p>Puede usted ejercer los derechos de acceso, rectificaci\u00f3n, supresi\u00f3n, oposici\u00f3n, limitaci\u00f3n del tratamiento, y\/o portabilidad de sus datos.<\/p>\n<h3>\u00bfDe d\u00f3nde obtenemos sus datos? \u00bfCu\u00e1l es su procedencia?<\/h3>\n<p>Todos los datos que manejamos derivan directamente del interesado en sus diferentes categor\u00edas.<\/p>\n<\/div><\/section><\/div><div class=\"flex_column av_one_fourth  flex_column_div av-zero-column-padding   avia-builder-el-4  el_after_av_three_fourth  avia-builder-el-last  column-top-margin\" style='border-radius:0px; '><div  class='avia-builder-widget-area clearfix  avia-builder-el-5  avia-builder-el-no-sibling '><section id=\"nav_menu-3\" class=\"widget clearfix widget_nav_menu\"><h3 class=\"widgettitle\">Cidadan\u00eda<\/h3><div class=\"menu-menu-cidadania-es-container\"><ul id=\"menu-menu-cidadania-es\" class=\"menu\"><li id=\"menu-item-1194\" class=\"menu-item menu-item-type-post_type menu-item-object-page menu-item-has-children menu-item-1194\"><a href=\"https:\/\/cidadania.coop\/es\/servizos\/\">Qu\u00e9 hacemos<\/a>\n<ul class=\"sub-menu\">\n\t<li id=\"menu-item-1197\" class=\"menu-item menu-item-type-post_type menu-item-object-page menu-item-1197\"><a href=\"https:\/\/cidadania.coop\/es\/investigacion-social\/\">Investigaci\u00f3n<\/a><\/li>\n\t<li id=\"menu-item-1196\" class=\"menu-item menu-item-type-post_type menu-item-object-page menu-item-1196\"><a href=\"https:\/\/cidadania.coop\/es\/consultoria\/\">Consultor\u00eda<\/a><\/li>\n\t<li id=\"menu-item-1195\" class=\"menu-item menu-item-type-post_type menu-item-object-page menu-item-1195\"><a href=\"https:\/\/cidadania.coop\/es\/formacion\/\">Formaci\u00f3n<\/a><\/li>\n<\/ul>\n<\/li>\n<li id=\"menu-item-1201\" class=\"menu-item menu-item-type-post_type menu-item-object-page menu-item-1201\"><a href=\"https:\/\/cidadania.coop\/es\/equipo\/\">Qui\u00e9nes somos<\/a><\/li>\n<li id=\"menu-item-1202\" class=\"menu-item menu-item-type-post_type menu-item-object-page menu-item-1202\"><a href=\"https:\/\/cidadania.coop\/es\/valores\/\">Valores<\/a><\/li>\n<li id=\"menu-item-1200\" class=\"menu-item menu-item-type-post_type menu-item-object-page menu-item-1200\"><a href=\"https:\/\/cidadania.coop\/es\/os-nosos-clientes\/\">Clientes<\/a><\/li>\n<li id=\"menu-item-1199\" class=\"menu-item menu-item-type-post_type menu-item-object-page menu-item-1199\"><a href=\"https:\/\/cidadania.coop\/es\/redes\/\">Redes<\/a><\/li>\n<\/ul><\/div><span class=\"seperator extralight-border\"><\/span><\/section><\/div><\/div><\/p>\n","protected":false},"excerpt":{"rendered":"<p><!--:gl-->Aviso legal<!--:--><\/p>\n","protected":false},"author":2,"featured_media":0,"parent":0,"menu_order":0,"comment_status":"open","ping_status":"open","template":"","meta":{"footnotes":""},"_links":{"self":[{"href":"https:\/\/cidadania.coop\/es\/wp-json\/wp\/v2\/pages\/1187"}],"collection":[{"href":"https:\/\/cidadania.coop\/es\/wp-json\/wp\/v2\/pages"}],"about":[{"href":"https:\/\/cidadania.coop\/es\/wp-json\/wp\/v2\/types\/page"}],"author":[{"embeddable":true,"href":"https:\/\/cidadania.coop\/es\/wp-json\/wp\/v2\/users\/2"}],"replies":[{"embeddable":true,"href":"https:\/\/cidadania.coop\/es\/wp-json\/wp\/v2\/comments?post=1187"}],"version-history":[{"count":7,"href":"https:\/\/cidadania.coop\/es\/wp-json\/wp\/v2\/pages\/1187\/revisions"}],"predecessor-version":[{"id":2031,"href":"https:\/\/cidadania.coop\/es\/wp-json\/wp\/v2\/pages\/1187\/revisions\/2031"}],"wp:attachment":[{"href":"https:\/\/cidadania.coop\/es\/wp-json\/wp\/v2\/media?parent=1187"}],"curies":[{"name":"wp","href":"https:\/\/api.w.org\/{rel}","templated":true}]}}