{"id":2044,"date":"2020-10-19T09:29:30","date_gmt":"2020-10-19T08:29:30","guid":{"rendered":"https:\/\/cidadania.coop\/?page_id=2044"},"modified":"2020-10-19T09:29:30","modified_gmt":"2020-10-19T08:29:30","slug":"politica-de-privacidad","status":"publish","type":"page","link":"https:\/\/cidadania.coop\/es\/politica-de-privacidad\/","title":{"rendered":"Pol\u00edtica de privacidad"},"content":{"rendered":"<div class=\"encabezado_branco\">\n<h1 class=\"av-special-heading-tag\">Pol\u00edtica de privacidad<\/h1>\n<\/div>\n<h3><\/h3>\n<h3>1. Normativa de referencia<\/h3>\n<ul>\n<li><strong>REGLAMENTO (UE) 2016\/679<\/strong>, de 27 de abril, del Parlamento Europeo y del Consejo, relativo a la protecci\u00f3n de las personas f\u00edsicas en lo que respecta al tratamiento de datos personales y a la libre circulaci\u00f3n de estos datos y por el que se deroga la Directiva 95\/46\/CE (Reglamento General de Protecci\u00f3n de Datos \u2013 RGPD).<\/li>\n<li>Normativa estatal espa\u00f1ola sobre protecci\u00f3n de datos de car\u00e1cter personal y servicios de la sociedad de la informaci\u00f3n: <strong>Ley Org\u00e1nica 3\/2018, de 5 de diciembre<\/strong>, de Protecci\u00f3n de Datos Personales y garant\u00eda de los derechos digitales, y <strong>Ley 34\/2002, de 11 de julio<\/strong>, de servicios de la sociedad de la informaci\u00f3n y de comercio electr\u00f3nico<\/li>\n<\/ul>\n<h3>2. Protecci\u00f3n de datos personales<\/h3>\n<p>A continuaci\u00f3n, le damos m\u00e1s informaci\u00f3n sobre el tratamiento de los datos de car\u00e1cter personal que usted comparte con Cidadan\u00eda Rede de Aplicaci\u00f3ns Sociais, S. Coop. Galega.<\/p>\n<p><strong>\u00bfQui\u00e9n es el responsable del tratamiento de sus datos personales?<\/strong><\/p>\n<p>Cidadan\u00eda Rede de Aplicaci\u00f3ns Sociais, S. Coop. Galega (en adelante, CIDADAN\u00cdA), con CIF n\u00ba F-15715683, con tel\u00e9fono de contacto (34) 981 589 269 y correo electr\u00f3nico: cidadania@cidadania.coop; es responsable del tratamiento de aquellos datos personales que se recojan o generen como consecuencia del acceso, uso y navegaci\u00f3n de los usuarios por la Web y del control de dicha Web.<\/p>\n<p><strong>\u00bfPor qu\u00e9 nos importa la protecci\u00f3n de sus datos personales?<\/strong><\/p>\n<p>CIDADAN\u00cdA aprovecha la ocasi\u00f3n para saludarle y agradecerle su inter\u00e9s en los servicios ofrecidos por la misma. Para CIDADAN\u00cdA, la privacidad de los datos personales de sus Usuarios y dem\u00e1s personas interesadas en sus servicios es fundamental. Por ello, nuestro compromiso es poner la mayor diligencia posible en la protecci\u00f3n de los datos personales y la seguridad de la informaci\u00f3n facilitada, para contribuir a mejorar en lo posible la atenci\u00f3n a nuestros Usuarios.<\/p>\n<p>Igualmente, resulta vital ofrecer servicios de la mayor calidad que avalen la confianza depositada por nuestros Usuarios, por lo que, para conseguir un mayor grado de satisfacci\u00f3n y confianza, CIDADAN\u00cdA tiene implantado un sistema de gesti\u00f3n de protecci\u00f3n de datos personales que garantiza el cumplimiento de la legislaci\u00f3n vigente en esta materia, buscando siempre la mejora continua.<\/p>\n<p>Las categor\u00edas de datos que se tratan son:<\/p>\n<ul>\n<li>Datos de identificaci\u00f3n (nombre y apellidos).<\/li>\n<li>Tel\u00e9fono y direcciones electr\u00f3nica.<\/li>\n<li>Cualesquiera otros datos facilitados por los usuarios para la prestaci\u00f3n del servicio solicitado.<\/li>\n<\/ul>\n<p><strong>\u00bfCon qu\u00e9 finalidad se van a tratar los datos personales que usted nos facilita a trav\u00e9s de la p\u00e1gina web?<\/strong><\/p>\n<p>El tratamiento de datos personales que se recojan o generen como consecuencia del acceso, uso y navegaci\u00f3n de los usuarios por la Web tendr\u00e1 por objeto posibilitar la navegaci\u00f3n y gestionar las peticiones de informaci\u00f3n, contenidos o servicios que soliciten expresamente los usuarios o que se tramiten con su consentimiento. De forma complementaria con la finalidad anterior y en la medida en que la l\u00edcita persecuci\u00f3n de la misma lo exija o lo permita, podr\u00e1n realizarse -previo suministro de informaci\u00f3n espec\u00edfico a los usuarios- tratamientos adicionales que tengan por objeto:<\/p>\n<ul>\n<li>Ejecutar contratos en los que los usuarios sean parte y, en su caso, a petici\u00f3n de dichos usuarios, aplicar las medidas precontractuales correspondientes.<\/li>\n<li>Proteger intereses vitales de los usuarios o de otras personas f\u00edsicas.<\/li>\n<li>Satisfacer intereses leg\u00edtimos perseguidos por CIDADAN\u00cdA o por un tercero (en especial, la mejora de la Web, su gesti\u00f3n y su seguridad, llevar a cabo estudios para analizar la relevancia y utilizaci\u00f3n de dicha Web -incluso mediante informaci\u00f3n anonimizada- y, cuando as\u00ed lo permita la normativa aplicable, informar a los usuarios sobre la actualidad de CIDADAN\u00cdA a trav\u00e9s del env\u00edo de convocatorias, publicaciones y otras iniciativas) siempre que sobre dichos intereses no prevalezcan los intereses o derechos y libertades fundamentales de los usuarios que requieran la protecci\u00f3n de datos personales, en particular, cuando los usuarios sean menores. Lo dispuesto en este \u00faltimo punto no ser\u00e1 de aplicaci\u00f3n al tratamiento realizado por las autoridades eclesi\u00e1sticas en el ejercicio de sus funciones.<\/li>\n<\/ul>\n<p>El tratamiento para una <strong>finalidad distinta<\/strong> de las anteriores ser\u00e1 l\u00edcito <strong>\u00fanicamente<\/strong> si el RGPD o cualquier otra norma estatal o comunitaria lo permite u ordena, dentro de las posibilidades conferidas por el ordenamiento jur\u00eddico; si los usuarios han dado su consentimiento; si resulta obvio que el tratamiento refleja el inter\u00e9s de los usuarios y no existe motivo para estimar que negar\u00edan el consentimiento, que son incorrectos; si los datos son accesibles p\u00fablicamente o CIDADAN\u00cdA podr\u00eda publicarlos en todo caso, a menos que el inter\u00e9s leg\u00edtimo de los usuarios por evitar el cambio de finalidad predomine con car\u00e1cter evidente; si el tratamiento es necesario para prevenir un riesgo para la seguridad u otros intereses p\u00fablicos o eclesi\u00e1sticos relevantes; si el tratamiento es necesario con el fin de evitar la comisi\u00f3n de delitos o infracciones administrativas, para su investigaci\u00f3n, persecuci\u00f3n de los responsables, su enjuiciamiento o la ejecuci\u00f3n de las penas; si el tratamiento es necesario para prevenir una infracci\u00f3n grave de los derechos de un tercero.<\/p>\n<p>Los datos personales que se tratan \u00fanicamente con fines de control, copia de seguridad de datos o para garantizar el funcionamiento adecuado de un sistema de tratamiento, solo pueden utilizarse para estos fines.<\/p>\n<p><strong>\u00bfPor cu\u00e1nto tiempo conservaremos sus datos personales?<\/strong><\/p>\n<p>Los datos se conservar\u00e1n mientras existan obligaciones contractuales derivadas de los servicios o contenidos solicitados por los usuarios y, posteriormente, hasta la extinci\u00f3n de responsabilidades legales, contractuales o deontol\u00f3gicas que requieran retenerlos (p. ej., hasta la extinci\u00f3n de la responsabilidad derivada de la normativa de protecci\u00f3n de datos o ciberseguridad). En el caso de que se traten datos para el env\u00edo de informaci\u00f3n sobre CIDADAN\u00cdA, se podr\u00e1n mantener los datos solo mientras el usuario no se oponga a recibir dichas informaciones por cualquiera de los diversos medios gratuitos y sencillos que se ponen a su disposici\u00f3n.<\/p>\n<p><strong>\u00bfCu\u00e1l es la base que nos legitima para tratar sus datos personales?<\/strong><\/p>\n<p>El tratamiento que CIDADAN\u00cdA lleva a cabo de sus datos personales se encuentra basado en su consentimiento expreso, mediante la selecci\u00f3n de la casilla incluida en el formulario de contacto.<\/p>\n<p>La base legal para el tratamiento de sus datos personales es la correcta ejecuci\u00f3n de los servicios prestados por CIDADAN\u00cdA, consistentes en el seguimiento, control y gesti\u00f3n de las actividades y eventos en el margen de su actividad.<\/p>\n<p><strong>\u00bfA qu\u00e9 destinatarios se comunicar\u00e1n sus datos?<\/strong><\/p>\n<p>CIDADAN\u00cdA no ceder\u00e1 a terceros los datos de su titular sin su consentimiento expreso.<\/p>\n<p><strong>\u00bfCu\u00e1les son sus derechos cuando nos facilita sus datos?<\/strong><\/p>\n<p>Las personas interesadas tienen derecho a acceder a sus datos personales, as\u00ed como a solicitar la rectificaci\u00f3n de los datos inexactos o imprecisos, o, en su caso, a solicitar su supresi\u00f3n cuando, entre otros motivos, los datos ya no sean necesarios para los fines para los que fueron recogidos.<\/p>\n<p>Por motivos relacionados con su situaci\u00f3n particular, los interesados podr\u00e1n solicitar la limitaci\u00f3n del tratamiento de sus datos, en cuyo caso \u00fanicamente los conservaremos para el ejercicio o la defensa de eventuales reclamaciones. De igual modo, los interesados podr\u00e1n solicitar la oposici\u00f3n al tratamiento de sus datos, en cuyo caso, CIDADAN\u00cdA dejar\u00e1 de tratar la informaci\u00f3n, salvo que fuera necesario por motivos leg\u00edtimos, o el ejercicio o la defensa ante posibles reclamaciones.<\/p>\n<p>Los interesados tambi\u00e9n podr\u00e1n solicitar su derecho a la portabilidad de sus datos personales en un formato estructurado, de uso com\u00fan y lectura mec\u00e1nica, y a transmitirlos a otro responsable del tratamiento sin que lo impida el responsable al que se los hubiera facilitado.<\/p>\n<p>Podr\u00e1n dirigir sus solicitudes a CIDADAN\u00cdA, o al siguiente e-mail de contacto: cidadania@cidadania.coop, acreditando debidamente su identidad mediante fotocopia de su DNI o Pasaporte.<\/p>\n<p>Si Ud. no queda satisfecho en el ejercicio de sus derechos, tiene derecho a presentar una reclamaci\u00f3n ante la Agencia Espa\u00f1ola de Protecci\u00f3n de Datos (AEPD): <a href=\"https:\/\/sedeagpd.gob.es\/sede-electronica-web\/\" target=\"_blank\" rel=\"noopener noreferrer\">https:\/\/sedeagpd.gob.es\/sede-electronica-web\/<\/a><\/p>\n","protected":false},"excerpt":{"rendered":"<p>Pol\u00edtica de privacidad 1. Normativa de referencia REGLAMENTO (UE) 2016\/679, de 27 de abril, del Parlamento Europeo y del Consejo, relativo a la protecci\u00f3n de las personas f\u00edsicas en lo que respecta al tratamiento de datos personales y a la libre circulaci\u00f3n de estos datos y por el que se deroga la Directiva 95\/46\/CE (Reglamento [&hellip;]<\/p>\n","protected":false},"author":3,"featured_media":0,"parent":0,"menu_order":0,"comment_status":"closed","ping_status":"closed","template":"","meta":{"footnotes":""},"_links":{"self":[{"href":"https:\/\/cidadania.coop\/es\/wp-json\/wp\/v2\/pages\/2044"}],"collection":[{"href":"https:\/\/cidadania.coop\/es\/wp-json\/wp\/v2\/pages"}],"about":[{"href":"https:\/\/cidadania.coop\/es\/wp-json\/wp\/v2\/types\/page"}],"author":[{"embeddable":true,"href":"https:\/\/cidadania.coop\/es\/wp-json\/wp\/v2\/users\/3"}],"replies":[{"embeddable":true,"href":"https:\/\/cidadania.coop\/es\/wp-json\/wp\/v2\/comments?post=2044"}],"version-history":[{"count":3,"href":"https:\/\/cidadania.coop\/es\/wp-json\/wp\/v2\/pages\/2044\/revisions"}],"predecessor-version":[{"id":2047,"href":"https:\/\/cidadania.coop\/es\/wp-json\/wp\/v2\/pages\/2044\/revisions\/2047"}],"wp:attachment":[{"href":"https:\/\/cidadania.coop\/es\/wp-json\/wp\/v2\/media?parent=2044"}],"curies":[{"name":"wp","href":"https:\/\/api.w.org\/{rel}","templated":true}]}}